{"id":87,"date":"2019-03-14T16:48:01","date_gmt":"2019-03-14T14:48:01","guid":{"rendered":"https:\/\/www.hallandistockholm.se\/web\/?page_id=87"},"modified":"2019-07-07T03:03:05","modified_gmt":"2019-07-07T01:03:05","slug":"halland","status":"publish","type":"page","link":"https:\/\/www.hallandistockholm.se\/web\/halland\/","title":{"rendered":"Halland"},"content":{"rendered":"\n<p>P\u00e5 f\u00f6ljande sidor kommer nyheter, tips och annat att presenteras. Har du n\u00e5got du vill dela med dig, tveka inte att kontakta oss, s\u00e5 vi kan f\u00f6ra det vidare: <a href=\"mailto:kontakt@hallandistockholm.se\">kontakt@hallandistockholm.se <\/a><\/p>\n","protected":false},"excerpt":{"rendered":"<p>P\u00e5 f\u00f6ljande sidor kommer nyheter, tips och annat att presenteras. Har du n\u00e5got du vill dela med dig, tveka inte[&#8230;]<\/p>\n","protected":false},"author":1,"featured_media":0,"parent":0,"menu_order":0,"comment_status":"closed","ping_status":"closed","template":"","meta":{"footnotes":""},"class_list":["post-87","page","type-page","status-publish","hentry"],"_links":{"self":[{"href":"https:\/\/www.hallandistockholm.se\/web\/wp-json\/wp\/v2\/pages\/87","targetHints":{"allow":["GET"]}}],"collection":[{"href":"https:\/\/www.hallandistockholm.se\/web\/wp-json\/wp\/v2\/pages"}],"about":[{"href":"https:\/\/www.hallandistockholm.se\/web\/wp-json\/wp\/v2\/types\/page"}],"author":[{"embeddable":true,"href":"https:\/\/www.hallandistockholm.se\/web\/wp-json\/wp\/v2\/users\/1"}],"replies":[{"embeddable":true,"href":"https:\/\/www.hallandistockholm.se\/web\/wp-json\/wp\/v2\/comments?post=87"}],"version-history":[{"count":2,"href":"https:\/\/www.hallandistockholm.se\/web\/wp-json\/wp\/v2\/pages\/87\/revisions"}],"predecessor-version":[{"id":177,"href":"https:\/\/www.hallandistockholm.se\/web\/wp-json\/wp\/v2\/pages\/87\/revisions\/177"}],"wp:attachment":[{"href":"https:\/\/www.hallandistockholm.se\/web\/wp-json\/wp\/v2\/media?parent=87"}],"curies":[{"name":"wp","href":"https:\/\/api.w.org\/{rel}","templated":true}]}}