{"id":82,"date":"2019-03-14T16:42:33","date_gmt":"2019-03-14T14:42:33","guid":{"rendered":"https:\/\/www.hallandistockholm.se\/web\/?page_id=82"},"modified":"2023-10-22T16:48:54","modified_gmt":"2023-10-22T14:48:54","slug":"verksamhetsberattelse","status":"publish","type":"page","link":"https:\/\/www.hallandistockholm.se\/web\/forening\/verksamhetsberattelse\/","title":{"rendered":"Verksamhetsber\u00e4ttelser"},"content":{"rendered":"\n<p>F\u00f6ljande \u00e5rs verksamhetsber\u00e4ttelser finns h\u00e4r:<\/p>\n\n\n\n<p class=\"has-text-align-center\">Verksamhetsber\u00e4ttelse 2022 (PDF)<\/p>\n\n\n\n<p class=\"has-text-align-center\">Verksamhetsber\u00e4ttelse 2021 (PDF)<\/p>\n\n\n\n<p class=\"has-text-align-center\"><a href=\"https:\/\/www.hallandistockholm.se\/web\/wp-content\/uploads\/2022\/09\/Verksamhetsberattelse_2020.pdf\" data-type=\"attachment\" data-id=\"301\">Verksamhetsber\u00e4ttelse 2020 (PDF)<\/a><\/p>\n\n\n\n<p class=\"has-text-align-center\"><a href=\"https:\/\/www.hallandistockholm.se\/web\/wp-content\/uploads\/2022\/09\/Verksamhetsberattelse_2019.pdf\" data-type=\"attachment\" data-id=\"300\">Verksamhetsber\u00e4ttelse 2019 (PDF)<\/a><\/p>\n\n\n\n<p class=\"has-text-align-center\"><a href=\"https:\/\/www.hallandistockholm.se\/web\/wp-content\/uploads\/2022\/09\/Verksamhetsberattelse_2018.pdf\" data-type=\"attachment\" data-id=\"299\">Verksamhetsber\u00e4ttelse 2018 (PDF)<\/a><\/p>\n\n\n\n<div class=\"wp-block-file aligncenter\"><a id=\"wp-block-file--media-e0827787-9523-4374-a4d3-ea113d39eefc\" href=\"https:\/\/www.hallandistockholm.se\/web\/wp-content\/uploads\/2019\/07\/Verksamhetsber\u00e4ttelse_2017.pdf\">Verksamhetsber\u00e4ttelse 2018 (PDF)<\/a><a href=\"https:\/\/www.hallandistockholm.se\/web\/wp-content\/uploads\/2019\/07\/Verksamhetsber\u00e4ttelse_2017.pdf\" class=\"wp-block-file__button wp-element-button\" download aria-describedby=\"wp-block-file--media-e0827787-9523-4374-a4d3-ea113d39eefc\">Ladda ner<\/a><\/div>\n\n\n\n<div class=\"wp-block-file aligncenter\"><a id=\"wp-block-file--media-e0827787-9523-4374-a4d3-ea113d39eefc\" href=\"https:\/\/www.hallandistockholm.se\/web\/wp-content\/uploads\/2019\/07\/Verksamhetsber\u00e4ttelse_2017.pdf\">Verksamhetsber\u00e4ttelse 2017 (PDF)<\/a><a href=\"https:\/\/www.hallandistockholm.se\/web\/wp-content\/uploads\/2019\/07\/Verksamhetsber\u00e4ttelse_2017.pdf\" class=\"wp-block-file__button wp-element-button\" download aria-describedby=\"wp-block-file--media-e0827787-9523-4374-a4d3-ea113d39eefc\">Ladda ner<\/a><\/div>\n\n\n\n<div class=\"wp-block-file aligncenter\"><a id=\"wp-block-file--media-4ae1b691-a07b-4a33-a386-c73e175e4a56\" href=\"https:\/\/www.hallandistockholm.se\/web\/wp-content\/uploads\/2019\/07\/Verksamhetsber\u00e4ttelse_2016.pdf\">Verksamhetsber\u00e4ttelse 2016 (PDF)<\/a><a href=\"https:\/\/www.hallandistockholm.se\/web\/wp-content\/uploads\/2019\/07\/Verksamhetsber\u00e4ttelse_2016.pdf\" class=\"wp-block-file__button wp-element-button\" download aria-describedby=\"wp-block-file--media-4ae1b691-a07b-4a33-a386-c73e175e4a56\">Ladda ner<\/a><\/div>\n\n\n\n<div class=\"wp-block-file aligncenter\"><a id=\"wp-block-file--media-1a62c045-e31e-4b0d-a297-26e947bf05de\" href=\"https:\/\/www.hallandistockholm.se\/web\/wp-content\/uploads\/2019\/07\/Verksamhetsber\u00e4ttelse_2015.pdf\">Verksamhetsber\u00e4ttelse 2015 (PDF)<\/a><a href=\"https:\/\/www.hallandistockholm.se\/web\/wp-content\/uploads\/2019\/07\/Verksamhetsber\u00e4ttelse_2015.pdf\" class=\"wp-block-file__button wp-element-button\" download aria-describedby=\"wp-block-file--media-1a62c045-e31e-4b0d-a297-26e947bf05de\">Ladda ner<\/a><\/div>\n\n\n\n<div class=\"wp-block-file aligncenter\"><a id=\"wp-block-file--media-6136dade-f1f8-4a79-885d-0fa415f974ba\" href=\"https:\/\/www.hallandistockholm.se\/web\/wp-content\/uploads\/2019\/07\/Verksamhetsber\u00e4ttelse_2014.pdf\">Verksamhetsber\u00e4ttelse 2014 (PDF)<\/a><a href=\"https:\/\/www.hallandistockholm.se\/web\/wp-content\/uploads\/2019\/07\/Verksamhetsber\u00e4ttelse_2014.pdf\" class=\"wp-block-file__button wp-element-button\" download aria-describedby=\"wp-block-file--media-6136dade-f1f8-4a79-885d-0fa415f974ba\">Ladda ner<\/a><\/div>\n\n\n\n<div class=\"wp-block-file aligncenter\"><a id=\"wp-block-file--media-703eb492-ffb8-4453-aba0-82884248aff1\" href=\"https:\/\/www.hallandistockholm.se\/web\/wp-content\/uploads\/2019\/07\/Verksamhetsber\u00e4ttelse_2013.pdf\">Verksamhetsber\u00e4ttelse 2013 (PDF)<\/a><a href=\"https:\/\/www.hallandistockholm.se\/web\/wp-content\/uploads\/2019\/07\/Verksamhetsber\u00e4ttelse_2013.pdf\" class=\"wp-block-file__button wp-element-button\" download aria-describedby=\"wp-block-file--media-703eb492-ffb8-4453-aba0-82884248aff1\">Ladda ner<\/a><\/div>\n\n\n\n<p><\/p>\n","protected":false},"excerpt":{"rendered":"<p>F\u00f6ljande \u00e5rs verksamhetsber\u00e4ttelser finns h\u00e4r: Verksamhetsber\u00e4ttelse 2022 (PDF) Verksamhetsber\u00e4ttelse 2021 (PDF) Verksamhetsber\u00e4ttelse 2020 (PDF) Verksamhetsber\u00e4ttelse 2019 (PDF) Verksamhetsber\u00e4ttelse 2018 (PDF)<\/p>\n","protected":false},"author":1,"featured_media":0,"parent":41,"menu_order":0,"comment_status":"closed","ping_status":"closed","template":"","meta":{"footnotes":""},"class_list":["post-82","page","type-page","status-publish","hentry"],"_links":{"self":[{"href":"https:\/\/www.hallandistockholm.se\/web\/wp-json\/wp\/v2\/pages\/82","targetHints":{"allow":["GET"]}}],"collection":[{"href":"https:\/\/www.hallandistockholm.se\/web\/wp-json\/wp\/v2\/pages"}],"about":[{"href":"https:\/\/www.hallandistockholm.se\/web\/wp-json\/wp\/v2\/types\/page"}],"author":[{"embeddable":true,"href":"https:\/\/www.hallandistockholm.se\/web\/wp-json\/wp\/v2\/users\/1"}],"replies":[{"embeddable":true,"href":"https:\/\/www.hallandistockholm.se\/web\/wp-json\/wp\/v2\/comments?post=82"}],"version-history":[{"count":15,"href":"https:\/\/www.hallandistockholm.se\/web\/wp-json\/wp\/v2\/pages\/82\/revisions"}],"predecessor-version":[{"id":316,"href":"https:\/\/www.hallandistockholm.se\/web\/wp-json\/wp\/v2\/pages\/82\/revisions\/316"}],"up":[{"embeddable":true,"href":"https:\/\/www.hallandistockholm.se\/web\/wp-json\/wp\/v2\/pages\/41"}],"wp:attachment":[{"href":"https:\/\/www.hallandistockholm.se\/web\/wp-json\/wp\/v2\/media?parent=82"}],"curies":[{"name":"wp","href":"https:\/\/api.w.org\/{rel}","templated":true}]}}