{"id":78,"date":"2019-03-14T16:40:42","date_gmt":"2019-03-14T14:40:42","guid":{"rendered":"https:\/\/www.hallandistockholm.se\/web\/?page_id=78"},"modified":"2022-07-06T21:44:19","modified_gmt":"2022-07-06T19:44:19","slug":"medlemsavgift","status":"publish","type":"page","link":"https:\/\/www.hallandistockholm.se\/web\/forening\/medlemsavgift\/","title":{"rendered":"Medlemsavgift"},"content":{"rendered":"\n<p><strong>Medlemsavgiften<\/strong><br>\u00c5rsavgiften per person 2022 \u00e4r 120 kronor och betalas in till f\u00f6reningens bankgirokontonummer <strong>567-1250<\/strong>. Adressen \u00e4r: F\u00f6reningen Hall\u00e4nningar i Stockholm, c\/o Molin, Svampv\u00e4gen 168, 122 63 Enskede.<\/p>\n\n\n\n<p>Ange namn och adress och g\u00e4rna mailadress i samband med betalningen.<\/p>\n\n\n\n<p>Det g\u00e5r ocks\u00e5 bra att ringa eller maila till f\u00f6reningens medlemsansvarig<br> Marianne Malmstr\u00f6m, <a href=\"mailto:medlemsansvarig@hallandistockholm.se\">medlemsansvarig@hallandistockholm.se<\/a><\/p>\n\n\n\n<figure class=\"wp-block-image\"><img loading=\"lazy\" decoding=\"async\" width=\"1024\" height=\"768\" src=\"https:\/\/www.hallandistockholm.se\/web\/wp-content\/uploads\/2018\/08\/2018-04-08-19.56.07-1-1024x768.jpg\" alt=\"\" class=\"wp-image-13\" srcset=\"https:\/\/www.hallandistockholm.se\/web\/wp-content\/uploads\/2018\/08\/2018-04-08-19.56.07-1-1024x768.jpg 1024w, https:\/\/www.hallandistockholm.se\/web\/wp-content\/uploads\/2018\/08\/2018-04-08-19.56.07-1-300x225.jpg 300w, https:\/\/www.hallandistockholm.se\/web\/wp-content\/uploads\/2018\/08\/2018-04-08-19.56.07-1-768x576.jpg 768w\" sizes=\"auto, (max-width: 1024px) 100vw, 1024px\" \/><\/figure>\n","protected":false},"excerpt":{"rendered":"<p>Medlemsavgiften\u00c5rsavgiften per person 2022 \u00e4r 120 kronor och betalas in till f\u00f6reningens bankgirokontonummer 567-1250. Adressen \u00e4r: F\u00f6reningen Hall\u00e4nningar i Stockholm,[&#8230;]<\/p>\n","protected":false},"author":1,"featured_media":0,"parent":41,"menu_order":0,"comment_status":"closed","ping_status":"closed","template":"","meta":{"footnotes":""},"class_list":["post-78","page","type-page","status-publish","hentry"],"_links":{"self":[{"href":"https:\/\/www.hallandistockholm.se\/web\/wp-json\/wp\/v2\/pages\/78","targetHints":{"allow":["GET"]}}],"collection":[{"href":"https:\/\/www.hallandistockholm.se\/web\/wp-json\/wp\/v2\/pages"}],"about":[{"href":"https:\/\/www.hallandistockholm.se\/web\/wp-json\/wp\/v2\/types\/page"}],"author":[{"embeddable":true,"href":"https:\/\/www.hallandistockholm.se\/web\/wp-json\/wp\/v2\/users\/1"}],"replies":[{"embeddable":true,"href":"https:\/\/www.hallandistockholm.se\/web\/wp-json\/wp\/v2\/comments?post=78"}],"version-history":[{"count":9,"href":"https:\/\/www.hallandistockholm.se\/web\/wp-json\/wp\/v2\/pages\/78\/revisions"}],"predecessor-version":[{"id":284,"href":"https:\/\/www.hallandistockholm.se\/web\/wp-json\/wp\/v2\/pages\/78\/revisions\/284"}],"up":[{"embeddable":true,"href":"https:\/\/www.hallandistockholm.se\/web\/wp-json\/wp\/v2\/pages\/41"}],"wp:attachment":[{"href":"https:\/\/www.hallandistockholm.se\/web\/wp-json\/wp\/v2\/media?parent=78"}],"curies":[{"name":"wp","href":"https:\/\/api.w.org\/{rel}","templated":true}]}}