{"id":64,"date":"2019-03-14T16:30:02","date_gmt":"2019-03-14T14:30:02","guid":{"rendered":"https:\/\/www.hallandistockholm.se\/web\/?page_id=64"},"modified":"2019-11-29T12:19:29","modified_gmt":"2019-11-29T10:19:29","slug":"bli-medlem","status":"publish","type":"page","link":"https:\/\/www.hallandistockholm.se\/web\/forening\/bli-medlem\/","title":{"rendered":"Bli Medlem"},"content":{"rendered":"\n<p>Den h\u00e4r inbjudan riktar sig till dig vars hj\u00e4rta sl\u00e5r f\u00f6r Halland.<\/p>\n\n\n\n<p>Du \u00e4r v\u00e4lkommen att vara med i v\u00e5r f\u00f6rening Hall\u00e4nningar i Stockholm.<\/p>\n\n\n\n<p>F\u00f6reningen \u00e4r \u00f6ppen f\u00f6r alla som har sina r\u00f6tter i Halland, som \u00e4r fritidsboende d\u00e4r eller har ett specifikt intresse f\u00f6r Halland. Som medlemmar har vi anknytning fr\u00e5n Laholm i s\u00f6der till Kungsbacka i norr. Det gemensamma \u00e4r k\u00e4rleken till Halland. <\/p>\n\n\n\n<p>Vi tr\u00e4ffas i f\u00f6reningen vid tv\u00e5 tillf\u00e4llen \u00e5rligen med trevlig samvaro och goda middagar, n\u00e4mligen Gr\u00f6nk\u00e5lsaftonen som h\u00e5lls i Gamla Stan i b\u00f6rjan av december och \u00c5rsm\u00f6tet en kv\u00e4ll i april i n\u00e4rheten av Kungstr\u00e4dg\u00e5rden. Vid varje tillf\u00e4lle har en aktuell f\u00f6rel\u00e4sare med hall\u00e4ndsk anknytning bjudits in.<\/p>\n\n\n\n<p>F\u00f6reningen n\u00e4rmar sig sitt 100 \u00e5rs jubileum. Den startades 1926 och har genom \u00e5ren g\u00e5tt samman med andra hallandsf\u00f6reningar i Stockholm.<\/p>\n\n\n\n<p>F\u00f6reningen har en egen Facebook-sida (www.facebook.com\/Hallandistockholm) och hemsida (www.hallandistockholm.se).<\/p>\n\n\n\n<p>\u00c5rsavgiften \u00e4r f\u00f6r n\u00e4rvarande 120 kronor som betalas till bankgirokonto nr 567-1250.<\/p>\n\n\n\n<p>Varmt V\u00e4lkommen!<\/p>\n\n\n\n<p>(Ovanst\u00e5ende information finns \u00e4ven i denna <strong><a href=\"https:\/\/www.hallandistockholm.se\/web\/wp-content\/uploads\/2019\/11\/HIS_Valkommen_ny_medlem.pdf\">PDF<\/a><\/strong>)<\/p>\n\n\n\n<p><\/p>\n\n\n\n<p><strong>F\u00f6r att bli medlem<\/strong> &#8211; v\u00e4lkommen att kontakta v\u00e5r medlemsansvarig, <br>Marianne Malmstr\u00f6m p\u00e5 epost: <a href=\"mailto:medlemsansvarig@hallandistockholm.se\">medlemsansvarig@hallandistockholm.se<\/a> <br>eller kontakta n\u00e5gon av oss i <a href=\"https:\/\/www.hallandistockholm.se\/web\/forening\/styrelsen\/\">styrelsen<\/a>.<\/p>\n\n\n\n<p>Det g\u00e5r \u00e4ven bra att fylla i och skicka in detta formul\u00e4r:<br><br>* Namn:<br>* Adress:<br>* Email:<br><br>Tfn\/mobil:<br>Meddelande: <br><br>* \u00e4r obligatoriskt<\/p>\n","protected":false},"excerpt":{"rendered":"<p>Den h\u00e4r inbjudan riktar sig till dig vars hj\u00e4rta sl\u00e5r f\u00f6r Halland. Du \u00e4r v\u00e4lkommen att vara med i v\u00e5r[&#8230;]<\/p>\n","protected":false},"author":1,"featured_media":0,"parent":41,"menu_order":0,"comment_status":"closed","ping_status":"closed","template":"","meta":{"footnotes":""},"class_list":["post-64","page","type-page","status-publish","hentry"],"_links":{"self":[{"href":"https:\/\/www.hallandistockholm.se\/web\/wp-json\/wp\/v2\/pages\/64","targetHints":{"allow":["GET"]}}],"collection":[{"href":"https:\/\/www.hallandistockholm.se\/web\/wp-json\/wp\/v2\/pages"}],"about":[{"href":"https:\/\/www.hallandistockholm.se\/web\/wp-json\/wp\/v2\/types\/page"}],"author":[{"embeddable":true,"href":"https:\/\/www.hallandistockholm.se\/web\/wp-json\/wp\/v2\/users\/1"}],"replies":[{"embeddable":true,"href":"https:\/\/www.hallandistockholm.se\/web\/wp-json\/wp\/v2\/comments?post=64"}],"version-history":[{"count":8,"href":"https:\/\/www.hallandistockholm.se\/web\/wp-json\/wp\/v2\/pages\/64\/revisions"}],"predecessor-version":[{"id":204,"href":"https:\/\/www.hallandistockholm.se\/web\/wp-json\/wp\/v2\/pages\/64\/revisions\/204"}],"up":[{"embeddable":true,"href":"https:\/\/www.hallandistockholm.se\/web\/wp-json\/wp\/v2\/pages\/41"}],"wp:attachment":[{"href":"https:\/\/www.hallandistockholm.se\/web\/wp-json\/wp\/v2\/media?parent=64"}],"curies":[{"name":"wp","href":"https:\/\/api.w.org\/{rel}","templated":true}]}}