{"id":41,"date":"2019-03-14T16:10:05","date_gmt":"2019-03-14T14:10:05","guid":{"rendered":"https:\/\/www.hallandistockholm.se\/web\/?page_id=41"},"modified":"2022-03-10T14:56:59","modified_gmt":"2022-03-10T12:56:59","slug":"forening","status":"publish","type":"page","link":"https:\/\/www.hallandistockholm.se\/web\/forening\/","title":{"rendered":"F\u00f6reningen"},"content":{"rendered":"\n<p>F\u00f6reningen <strong>Hall\u00e4nningar i Stockholm<\/strong> skapades 2013 genom en sammanslagning av <strong>Hallandsf\u00f6reningen<\/strong> och <strong>Halmstadsl\u00e4rljungarna<\/strong>.<\/p>\n\n\n\n<p>L\u00e4s mer under <a href=\"https:\/\/www.hallandistockholm.se\/web\/forening\/historik\/\" data-type=\"page\" data-id=\"133\">Historik<\/a> f\u00f6r <strong>Hall\u00e4nningar i Stockholm<\/strong>.<\/p>\n\n\n\n<p>H\u00e4r finns mer information om <a href=\"https:\/\/www.hallandistockholm.se\/web\/forening\/historik\/hallandsforeningen\/\">Hallandsf\u00f6reningen<\/a> och <a href=\"https:\/\/www.hallandistockholm.se\/web\/forening\/historik\/larjungar-i-halmstad\/\">Halmstadsl\u00e4rljungarna<\/a>.<\/p>\n","protected":false},"excerpt":{"rendered":"<p>F\u00f6reningen Hall\u00e4nningar i Stockholm skapades 2013 genom en sammanslagning av Hallandsf\u00f6reningen och Halmstadsl\u00e4rljungarna. L\u00e4s mer under Historik f\u00f6r Hall\u00e4nningar i[&#8230;]<\/p>\n","protected":false},"author":1,"featured_media":0,"parent":0,"menu_order":0,"comment_status":"closed","ping_status":"closed","template":"","meta":{"footnotes":""},"class_list":["post-41","page","type-page","status-publish","hentry"],"_links":{"self":[{"href":"https:\/\/www.hallandistockholm.se\/web\/wp-json\/wp\/v2\/pages\/41","targetHints":{"allow":["GET"]}}],"collection":[{"href":"https:\/\/www.hallandistockholm.se\/web\/wp-json\/wp\/v2\/pages"}],"about":[{"href":"https:\/\/www.hallandistockholm.se\/web\/wp-json\/wp\/v2\/types\/page"}],"author":[{"embeddable":true,"href":"https:\/\/www.hallandistockholm.se\/web\/wp-json\/wp\/v2\/users\/1"}],"replies":[{"embeddable":true,"href":"https:\/\/www.hallandistockholm.se\/web\/wp-json\/wp\/v2\/comments?post=41"}],"version-history":[{"count":5,"href":"https:\/\/www.hallandistockholm.se\/web\/wp-json\/wp\/v2\/pages\/41\/revisions"}],"predecessor-version":[{"id":232,"href":"https:\/\/www.hallandistockholm.se\/web\/wp-json\/wp\/v2\/pages\/41\/revisions\/232"}],"wp:attachment":[{"href":"https:\/\/www.hallandistockholm.se\/web\/wp-json\/wp\/v2\/media?parent=41"}],"curies":[{"name":"wp","href":"https:\/\/api.w.org\/{rel}","templated":true}]}}