{"id":244,"date":"2022-03-10T15:28:11","date_gmt":"2022-03-10T13:28:11","guid":{"rendered":"https:\/\/www.hallandistockholm.se\/web\/?page_id=244"},"modified":"2023-10-22T15:24:22","modified_gmt":"2023-10-22T13:24:22","slug":"aktuellt","status":"publish","type":"page","link":"https:\/\/www.hallandistockholm.se\/web\/aktuellt\/","title":{"rendered":"Aktuellt"},"content":{"rendered":"\n<p>Nu \u00e4r det snart dags f\u00f6r v\u00e5rt Gr\u00f6nk\u00e5lsafton!<\/p>\n","protected":false},"excerpt":{"rendered":"<p>Nu \u00e4r det snart dags f\u00f6r v\u00e5rt Gr\u00f6nk\u00e5lsafton!<\/p>\n","protected":false},"author":2,"featured_media":0,"parent":0,"menu_order":0,"comment_status":"closed","ping_status":"closed","template":"","meta":{"footnotes":""},"class_list":["post-244","page","type-page","status-publish","hentry"],"_links":{"self":[{"href":"https:\/\/www.hallandistockholm.se\/web\/wp-json\/wp\/v2\/pages\/244","targetHints":{"allow":["GET"]}}],"collection":[{"href":"https:\/\/www.hallandistockholm.se\/web\/wp-json\/wp\/v2\/pages"}],"about":[{"href":"https:\/\/www.hallandistockholm.se\/web\/wp-json\/wp\/v2\/types\/page"}],"author":[{"embeddable":true,"href":"https:\/\/www.hallandistockholm.se\/web\/wp-json\/wp\/v2\/users\/2"}],"replies":[{"embeddable":true,"href":"https:\/\/www.hallandistockholm.se\/web\/wp-json\/wp\/v2\/comments?post=244"}],"version-history":[{"count":2,"href":"https:\/\/www.hallandistockholm.se\/web\/wp-json\/wp\/v2\/pages\/244\/revisions"}],"predecessor-version":[{"id":315,"href":"https:\/\/www.hallandistockholm.se\/web\/wp-json\/wp\/v2\/pages\/244\/revisions\/315"}],"wp:attachment":[{"href":"https:\/\/www.hallandistockholm.se\/web\/wp-json\/wp\/v2\/media?parent=244"}],"curies":[{"name":"wp","href":"https:\/\/api.w.org\/{rel}","templated":true}]}}