{"id":15,"date":"2019-03-14T16:16:48","date_gmt":"2019-03-14T14:16:48","guid":{"rendered":"https:\/\/www.hallandistockholm.se\/web\/?page_id=15"},"modified":"2024-12-19T22:53:04","modified_gmt":"2024-12-19T20:53:04","slug":"styrelsen","status":"publish","type":"page","link":"https:\/\/www.hallandistockholm.se\/web\/forening\/styrelsen\/","title":{"rendered":"Styrelsen"},"content":{"rendered":"\n<p>F\u00f6reningens styrelse efter \u00e5rsm\u00f6tet 2024 har f\u00f6ljande utseende:<\/p>\n\n\n\n<p><strong>Ordf\u00f6rande<\/strong> Marianne Malmstr\u00f6m <a href=\"mailto:marianne.a.malmstrom@gmail.com\">marianne.a.malmstrom@gmail.com<\/a><br><strong>Vice ordf\u00f6rande<\/strong> Mikael Kindbom <a href=\"mailto:mikaelkindbom03@gmail.com\">mikaelkindbom03@gmail.com<\/a><br><strong>Sekreterare<\/strong> Ann Charlott Molin <a href=\"mailto:anncharlott.molin@gmail.com\" data-type=\"mailto\" data-id=\"mailto:anncharlott.molin@gmail.com\">anncharlott.molin@gmail.com<\/a><br><strong>Skattm\u00e4stare<\/strong> Mikael Kindbom <a href=\"mailto:mikaelkindbom03@gmail.com\">mikaelkindbom03@gmail.com<\/a><br><strong>Ledamot<\/strong> Gerd Dahlberg <br><strong>Ledamot<\/strong> Tom Engstr\u00f6m<br><strong>Ledamot<\/strong> Kristina Ekstrand Dahlberg<\/p>\n\n\n\n<p><strong>Revisorer:<br>Revisor<\/strong> Birgitta Schwartz <a href=\"mailto:birgitta.schwartz@sbs.su.se\">birgitta.schwartz@sbs.su.se<\/a><br><strong>Revisorsuppleant<\/strong> Ulf Holmin <\/p>\n\n\n\n<p><strong>Valberedning:  <\/strong><br>Anita Widlund <a href=\"mailto:widlund.act@telia.com\">widlund.act@telia.com<\/a> <br>Rolf Bromme <a href=\"mailto:rolf.bromme@outlook.com\">rolf.bromme@outlook.com<\/a> <\/p>\n\n\n\n<p><\/p>\n","protected":false},"excerpt":{"rendered":"<p>F\u00f6reningens styrelse efter \u00e5rsm\u00f6tet 2024 har f\u00f6ljande utseende: Ordf\u00f6rande Marianne Malmstr\u00f6m marianne.a.malmstrom@gmail.comVice ordf\u00f6rande Mikael Kindbom mikaelkindbom03@gmail.comSekreterare Ann Charlott Molin anncharlott.molin@gmail.comSkattm\u00e4stare[&#8230;]<\/p>\n","protected":false},"author":2,"featured_media":0,"parent":41,"menu_order":1,"comment_status":"closed","ping_status":"closed","template":"","meta":{"footnotes":""},"class_list":["post-15","page","type-page","status-publish","hentry"],"_links":{"self":[{"href":"https:\/\/www.hallandistockholm.se\/web\/wp-json\/wp\/v2\/pages\/15","targetHints":{"allow":["GET"]}}],"collection":[{"href":"https:\/\/www.hallandistockholm.se\/web\/wp-json\/wp\/v2\/pages"}],"about":[{"href":"https:\/\/www.hallandistockholm.se\/web\/wp-json\/wp\/v2\/types\/page"}],"author":[{"embeddable":true,"href":"https:\/\/www.hallandistockholm.se\/web\/wp-json\/wp\/v2\/users\/2"}],"replies":[{"embeddable":true,"href":"https:\/\/www.hallandistockholm.se\/web\/wp-json\/wp\/v2\/comments?post=15"}],"version-history":[{"count":16,"href":"https:\/\/www.hallandistockholm.se\/web\/wp-json\/wp\/v2\/pages\/15\/revisions"}],"predecessor-version":[{"id":340,"href":"https:\/\/www.hallandistockholm.se\/web\/wp-json\/wp\/v2\/pages\/15\/revisions\/340"}],"up":[{"embeddable":true,"href":"https:\/\/www.hallandistockholm.se\/web\/wp-json\/wp\/v2\/pages\/41"}],"wp:attachment":[{"href":"https:\/\/www.hallandistockholm.se\/web\/wp-json\/wp\/v2\/media?parent=15"}],"curies":[{"name":"wp","href":"https:\/\/api.w.org\/{rel}","templated":true}]}}