{"id":133,"date":"2019-07-06T17:23:39","date_gmt":"2019-07-06T15:23:39","guid":{"rendered":"https:\/\/www.hallandistockholm.se\/web\/?page_id=133"},"modified":"2022-07-06T22:07:36","modified_gmt":"2022-07-06T20:07:36","slug":"historik","status":"publish","type":"page","link":"https:\/\/www.hallandistockholm.se\/web\/forening\/historik\/","title":{"rendered":"Historik"},"content":{"rendered":"\n<p>Hallandsf\u00f6reningen, numera F\u00f6reningen <strong>Hall\u00e4nningar i Stockholm<\/strong>, grundades 1926. <\/p>\n\n\n\n<p>2013 skedde en sammanslagning av <a href=\"https:\/\/www.hallandistockholm.se\/web\/forening\/historik\/hallandsforeningen\/\">Hallandsf\u00f6reningen<\/a> och <a href=\"https:\/\/www.hallandistockholm.se\/web\/forening\/historik\/larjungar-i-halmstad\/\">Halmstadsl\u00e4rljungarna<\/a>.<\/p>\n","protected":false},"excerpt":{"rendered":"<p>Hallandsf\u00f6reningen, numera F\u00f6reningen Hall\u00e4nningar i Stockholm, grundades 1926. 2013 skedde en sammanslagning av Hallandsf\u00f6reningen och Halmstadsl\u00e4rljungarna.<\/p>\n","protected":false},"author":2,"featured_media":0,"parent":41,"menu_order":0,"comment_status":"closed","ping_status":"closed","template":"","meta":{"footnotes":""},"class_list":["post-133","page","type-page","status-publish","hentry"],"_links":{"self":[{"href":"https:\/\/www.hallandistockholm.se\/web\/wp-json\/wp\/v2\/pages\/133","targetHints":{"allow":["GET"]}}],"collection":[{"href":"https:\/\/www.hallandistockholm.se\/web\/wp-json\/wp\/v2\/pages"}],"about":[{"href":"https:\/\/www.hallandistockholm.se\/web\/wp-json\/wp\/v2\/types\/page"}],"author":[{"embeddable":true,"href":"https:\/\/www.hallandistockholm.se\/web\/wp-json\/wp\/v2\/users\/2"}],"replies":[{"embeddable":true,"href":"https:\/\/www.hallandistockholm.se\/web\/wp-json\/wp\/v2\/comments?post=133"}],"version-history":[{"count":4,"href":"https:\/\/www.hallandistockholm.se\/web\/wp-json\/wp\/v2\/pages\/133\/revisions"}],"predecessor-version":[{"id":296,"href":"https:\/\/www.hallandistockholm.se\/web\/wp-json\/wp\/v2\/pages\/133\/revisions\/296"}],"up":[{"embeddable":true,"href":"https:\/\/www.hallandistockholm.se\/web\/wp-json\/wp\/v2\/pages\/41"}],"wp:attachment":[{"href":"https:\/\/www.hallandistockholm.se\/web\/wp-json\/wp\/v2\/media?parent=133"}],"curies":[{"name":"wp","href":"https:\/\/api.w.org\/{rel}","templated":true}]}}