{"id":12,"date":"2019-03-14T16:19:17","date_gmt":"2019-03-14T14:19:17","guid":{"rendered":"https:\/\/www.hallandistockholm.se\/web\/?page_id=12"},"modified":"2022-07-06T21:42:08","modified_gmt":"2022-07-06T19:42:08","slug":"kontakta-oss","status":"publish","type":"page","link":"https:\/\/www.hallandistockholm.se\/web\/forening\/kontakta-oss\/","title":{"rendered":"Kontakta Oss"},"content":{"rendered":"\n<p>F\u00f6reningen Hall\u00e4nningar i Stockholm<br>c\/o Marianne Malmstr\u00f6m<br>Morav\u00e4gen 24<br>16775 Bromma<\/p>\n\n\n\n<p>Epost: <a href=\"mailto:kontakt@hallandistockholm.se\">kontakt@hallandistockholm.se<\/a> <\/p>\n\n\n\n<p>F\u00f6reningens bankgirokontonummer (BG): <strong>567-1250<\/strong>.<\/p>\n\n\n\n<p><\/p>\n\n\n\n<p>Vill du bli medlem? Klicka <a href=\"https:\/\/www.hallandistockholm.se\/web\/forening\/bli-medlem\/\">h\u00e4r<\/a> f\u00f6r att l\u00e4sa mer om hur du blir medlem och vad det inneb\u00e4r!<\/p>\n\n\n\n<p><\/p>\n\n\n\n<p>H\u00e4r har du kontaktuppgifter till personerna i v\u00e5r <a href=\"https:\/\/www.hallandistockholm.se\/web\/forening\/styrelsen\/\">styrelse<\/a>! <\/p>\n\n\n\n<p>F\u00f6r fr\u00e5gor och synpunkter om v\u00e5r webbplats, v\u00e4nligen kontakta v\u00e5r webbredakt\u00f6r <a href=\"mailto:web@hallandistockholm\" data-type=\"mailto\" data-id=\"mailto:web@hallandistockholm\">web@hallandistockholm<\/a>.<\/p>\n","protected":false},"excerpt":{"rendered":"<p>F\u00f6reningen Hall\u00e4nningar i Stockholmc\/o Marianne Malmstr\u00f6mMorav\u00e4gen 2416775 Bromma Epost: kontakt@hallandistockholm.se F\u00f6reningens bankgirokontonummer (BG): 567-1250. Vill du bli medlem? Klicka h\u00e4r[&#8230;]<\/p>\n","protected":false},"author":2,"featured_media":0,"parent":41,"menu_order":1,"comment_status":"closed","ping_status":"closed","template":"","meta":{"footnotes":""},"class_list":["post-12","page","type-page","status-publish","hentry"],"_links":{"self":[{"href":"https:\/\/www.hallandistockholm.se\/web\/wp-json\/wp\/v2\/pages\/12","targetHints":{"allow":["GET"]}}],"collection":[{"href":"https:\/\/www.hallandistockholm.se\/web\/wp-json\/wp\/v2\/pages"}],"about":[{"href":"https:\/\/www.hallandistockholm.se\/web\/wp-json\/wp\/v2\/types\/page"}],"author":[{"embeddable":true,"href":"https:\/\/www.hallandistockholm.se\/web\/wp-json\/wp\/v2\/users\/2"}],"replies":[{"embeddable":true,"href":"https:\/\/www.hallandistockholm.se\/web\/wp-json\/wp\/v2\/comments?post=12"}],"version-history":[{"count":14,"href":"https:\/\/www.hallandistockholm.se\/web\/wp-json\/wp\/v2\/pages\/12\/revisions"}],"predecessor-version":[{"id":282,"href":"https:\/\/www.hallandistockholm.se\/web\/wp-json\/wp\/v2\/pages\/12\/revisions\/282"}],"up":[{"embeddable":true,"href":"https:\/\/www.hallandistockholm.se\/web\/wp-json\/wp\/v2\/pages\/41"}],"wp:attachment":[{"href":"https:\/\/www.hallandistockholm.se\/web\/wp-json\/wp\/v2\/media?parent=12"}],"curies":[{"name":"wp","href":"https:\/\/api.w.org\/{rel}","templated":true}]}}